{"id":84,"date":"2020-12-02T16:00:40","date_gmt":"2020-12-02T15:00:40","guid":{"rendered":"https:\/\/www.langzeitmiete-leasing.de\/bmw-leasing\/?page_id=84"},"modified":"2025-03-21T15:52:42","modified_gmt":"2025-03-21T14:52:42","slug":"kilometerleasing","status":"publish","type":"page","link":"https:\/\/www.langzeitmiete-leasing.de\/bmw-leasing\/bmw-leasing-ohne-anzahlung\/kilometerleasing\/","title":{"rendered":"Kilometerleasing"},"content":{"rendered":"<p>Die fairste Art der Finanzierung!<\/p>\n<p>\u00dcber die Leasingrate ist der Wertvezehr am Fahrzeug dargestellt. <\/p>\n<p>Wenn Sie sich an die vereinbarten Kilometer halten, haben Sie vorher f\u00fcr sich die M\u00f6glichkeit zu bestimmen, wieviel es Ihnen wert ist, Ihren Traumwagen zu fahren.<\/p>\n<p>Das Restwertrisiko liegt nach der Abgabe beim Leasinggeber.<\/p>\n<p>Bei der Abgabe werden Kilometer und Sch\u00e4den festgehalten, um Mehr- Minderkilometer zu rechnen und den Wertverlust \u00fcber die Sch\u00e4den \u00fcber einen Gutachter zu bestimmen.<\/p>\n","protected":false},"excerpt":{"rendered":"<p>Die fairste Art der Finanzierung! \u00dcber die Leasingrate ist der Wertvezehr am Fahrzeug dargestellt. Wenn Sie sich an die vereinbarten Kilometer halten, haben Sie vorher f\u00fcr sich die M\u00f6glichkeit zu bestimmen, wieviel es Ihnen wert ist, Ihren Traumwagen zu fahren. Das Restwertrisiko liegt nach der Abgabe beim Leasinggeber. Bei der Abgabe werden Kilometer und Sch\u00e4den &hellip; <a href=\"https:\/\/www.langzeitmiete-leasing.de\/bmw-leasing\/bmw-leasing-ohne-anzahlung\/kilometerleasing\/\" class=\"more-link\"><span class=\"screen-reader-text\">Kilometerleasing<\/span> weiterlesen<\/a><\/p>\n","protected":false},"author":1,"featured_media":0,"parent":43,"menu_order":0,"comment_status":"closed","ping_status":"closed","template":"","meta":{"footnotes":""},"class_list":["post-84","page","type-page","status-publish","hentry"],"aioseo_notices":[],"_links":{"self":[{"href":"https:\/\/www.langzeitmiete-leasing.de\/bmw-leasing\/wp-json\/wp\/v2\/pages\/84","targetHints":{"allow":["GET"]}}],"collection":[{"href":"https:\/\/www.langzeitmiete-leasing.de\/bmw-leasing\/wp-json\/wp\/v2\/pages"}],"about":[{"href":"https:\/\/www.langzeitmiete-leasing.de\/bmw-leasing\/wp-json\/wp\/v2\/types\/page"}],"author":[{"embeddable":true,"href":"https:\/\/www.langzeitmiete-leasing.de\/bmw-leasing\/wp-json\/wp\/v2\/users\/1"}],"replies":[{"embeddable":true,"href":"https:\/\/www.langzeitmiete-leasing.de\/bmw-leasing\/wp-json\/wp\/v2\/comments?post=84"}],"version-history":[{"count":3,"href":"https:\/\/www.langzeitmiete-leasing.de\/bmw-leasing\/wp-json\/wp\/v2\/pages\/84\/revisions"}],"predecessor-version":[{"id":2379,"href":"https:\/\/www.langzeitmiete-leasing.de\/bmw-leasing\/wp-json\/wp\/v2\/pages\/84\/revisions\/2379"}],"up":[{"embeddable":true,"href":"https:\/\/www.langzeitmiete-leasing.de\/bmw-leasing\/wp-json\/wp\/v2\/pages\/43"}],"wp:attachment":[{"href":"https:\/\/www.langzeitmiete-leasing.de\/bmw-leasing\/wp-json\/wp\/v2\/media?parent=84"}],"curies":[{"name":"wp","href":"https:\/\/api.w.org\/{rel}","templated":true}]}}