{"id":32,"date":"2020-12-02T08:31:55","date_gmt":"2020-12-02T07:31:55","guid":{"rendered":"https:\/\/www.langzeitmiete-leasing.de\/bmw-leasing\/?page_id=32"},"modified":"2025-04-22T14:12:15","modified_gmt":"2025-04-22T12:12:15","slug":"ablauf","status":"publish","type":"page","link":"https:\/\/www.langzeitmiete-leasing.de\/bmw-leasing\/ablauf\/","title":{"rendered":"Ablauf"},"content":{"rendered":"<p>Haben Sie ein passendes Angebot gefunden, so nutzen Sie bitte das Kontaktformular, um die Verf\u00fcgbarkeit zu pr\u00fcfen.<\/p>\n<p>Zur Vorbereitung der Bonit\u00e4tspr\u00fcfung ben\u00f6tigt die BMW Bank<\/p>\n<p>den ausgef\u00fcllten <a href=\"https:\/\/www.langzeitmiete-leasing.de\/bmw-leasing\/wp-content\/uploads\/2025\/04\/065a_Selbstauskunft-Leasing-Legitimation-POSTIDENT-2022-11_ms.pdf\">Bogen<\/a><\/p>\n<p>und<br \/>\n<strong>Privatpersonen<\/strong><\/p>\n<p>\u2022 Selbstauskunft (keine Unterschrift erforderlich).<\/p>\n<p>\u2022 G\u00fcltiger Personalausweis (Vorder- und R\u00fcckseite).<\/p>\n<p>\u2022 Letzter Verdienstnachweis.<\/p>\n<p><strong>Gewerbliche Selbstst\u00e4ndige<\/strong><\/p>\n<p>\u2022 Selbstauskunft.<\/p>\n<p>\u2022 Personalausweis (Vorder- und R\u00fcckseite).<\/p>\n<p>\u2022 Gewerbeanmeldung.<\/p>\n<p>\u2022 Vom Steuerberater best\u00e4tigte BWA oder letzter Einkommenssteuerbescheid.<\/p>\n<p><strong><br \/>\nGewerbliche Organisationen (z. B. GmbH)<\/strong><\/p>\n<p>\u2022 Personalausweis (Vorder- und R\u00fcckseite).<\/p>\n<p>\u2022 Handelsregisterauszug.<\/p>\n<p>\u2022 Bankverbindung.<\/p>\n<p>\u2022 G\u00fcltiger Personalausweis des Gesch\u00e4ftsf\u00fchrers (Vorder- und R\u00fcckseite).<\/p>\n<p>Falls der Wagen verf\u00fcgbar,leiten wir Ihre Unterlagen an den zust\u00e4ndigen BMW Verk\u00e4ufer weiter, um die Bonit\u00e4tspr\u00fcfung bei der BMW Bank einzuleiten.<\/p>\n<p>Ist dies erfolgreich gewesen, setzt sich der Verk\u00e4ufer mit Ihnen in Verbindung um den Vertag zuzusenden.<\/p>\n<p>Ist alles zu Ihrer Zufriedenheit senden Sie den Vertrag zur\u00fcck und geben die Adressdaten Ihrer Zulassungsstelle durch, um den Wagen zuzulassen.<\/p>\n<p>Nach Zulassung holen Sie sich den Wagen beim BMW H\u00e4ndler ab.<\/p>\n","protected":false},"excerpt":{"rendered":"<p>Haben Sie ein passendes Angebot gefunden, so nutzen Sie bitte das Kontaktformular, um die Verf\u00fcgbarkeit zu pr\u00fcfen. Zur Vorbereitung der Bonit\u00e4tspr\u00fcfung ben\u00f6tigt die BMW Bank den ausgef\u00fcllten Bogen und Privatpersonen \u2022 Selbstauskunft (keine Unterschrift erforderlich). \u2022 G\u00fcltiger Personalausweis (Vorder- und R\u00fcckseite). \u2022 Letzter Verdienstnachweis. Gewerbliche Selbstst\u00e4ndige \u2022 Selbstauskunft. \u2022 Personalausweis (Vorder- und R\u00fcckseite). \u2022 Gewerbeanmeldung. &hellip; <a href=\"https:\/\/www.langzeitmiete-leasing.de\/bmw-leasing\/ablauf\/\" class=\"more-link\"><span class=\"screen-reader-text\">Ablauf<\/span> weiterlesen<\/a><\/p>\n","protected":false},"author":1,"featured_media":0,"parent":0,"menu_order":0,"comment_status":"closed","ping_status":"closed","template":"","meta":{"footnotes":""},"class_list":["post-32","page","type-page","status-publish","hentry"],"aioseo_notices":[],"_links":{"self":[{"href":"https:\/\/www.langzeitmiete-leasing.de\/bmw-leasing\/wp-json\/wp\/v2\/pages\/32","targetHints":{"allow":["GET"]}}],"collection":[{"href":"https:\/\/www.langzeitmiete-leasing.de\/bmw-leasing\/wp-json\/wp\/v2\/pages"}],"about":[{"href":"https:\/\/www.langzeitmiete-leasing.de\/bmw-leasing\/wp-json\/wp\/v2\/types\/page"}],"author":[{"embeddable":true,"href":"https:\/\/www.langzeitmiete-leasing.de\/bmw-leasing\/wp-json\/wp\/v2\/users\/1"}],"replies":[{"embeddable":true,"href":"https:\/\/www.langzeitmiete-leasing.de\/bmw-leasing\/wp-json\/wp\/v2\/comments?post=32"}],"version-history":[{"count":9,"href":"https:\/\/www.langzeitmiete-leasing.de\/bmw-leasing\/wp-json\/wp\/v2\/pages\/32\/revisions"}],"predecessor-version":[{"id":4254,"href":"https:\/\/www.langzeitmiete-leasing.de\/bmw-leasing\/wp-json\/wp\/v2\/pages\/32\/revisions\/4254"}],"wp:attachment":[{"href":"https:\/\/www.langzeitmiete-leasing.de\/bmw-leasing\/wp-json\/wp\/v2\/media?parent=32"}],"curies":[{"name":"wp","href":"https:\/\/api.w.org\/{rel}","templated":true}]}}