{"id":2821,"date":"2024-06-03T12:02:18","date_gmt":"2024-06-03T10:02:18","guid":{"rendered":"https:\/\/www.langzeitmiete-leasing.de\/bmw-leasing\/?page_id=2821"},"modified":"2024-06-03T12:02:18","modified_gmt":"2024-06-03T10:02:18","slug":"zweijaehrige-garantieverlaengerung","status":"publish","type":"page","link":"https:\/\/www.langzeitmiete-leasing.de\/bmw-leasing\/zweijaehrige-garantieverlaengerung\/","title":{"rendered":"zweijaehrige Garantieverlaengerung"},"content":{"rendered":"<p>Bei den jungen Gebrauchten bietet BMW im Anschluss an die dreij\u00e4hrige Neuwagen Garantie eine zweij\u00e4hrige Garantieverl\u00e4ngerung.<\/p>\n<p>Somit fahren Sie sicher und entspannt w\u00e4hrend der gesamten Leasingdauer<\/p>\n","protected":false},"excerpt":{"rendered":"<p>Bei den jungen Gebrauchten bietet BMW im Anschluss an die dreij\u00e4hrige Neuwagen Garantie eine zweij\u00e4hrige Garantieverl\u00e4ngerung. Somit fahren Sie sicher und entspannt w\u00e4hrend der gesamten Leasingdauer<\/p>\n","protected":false},"author":1,"featured_media":0,"parent":0,"menu_order":0,"comment_status":"closed","ping_status":"closed","template":"","meta":{"footnotes":""},"class_list":["post-2821","page","type-page","status-publish","hentry"],"aioseo_notices":[],"_links":{"self":[{"href":"https:\/\/www.langzeitmiete-leasing.de\/bmw-leasing\/wp-json\/wp\/v2\/pages\/2821","targetHints":{"allow":["GET"]}}],"collection":[{"href":"https:\/\/www.langzeitmiete-leasing.de\/bmw-leasing\/wp-json\/wp\/v2\/pages"}],"about":[{"href":"https:\/\/www.langzeitmiete-leasing.de\/bmw-leasing\/wp-json\/wp\/v2\/types\/page"}],"author":[{"embeddable":true,"href":"https:\/\/www.langzeitmiete-leasing.de\/bmw-leasing\/wp-json\/wp\/v2\/users\/1"}],"replies":[{"embeddable":true,"href":"https:\/\/www.langzeitmiete-leasing.de\/bmw-leasing\/wp-json\/wp\/v2\/comments?post=2821"}],"version-history":[{"count":1,"href":"https:\/\/www.langzeitmiete-leasing.de\/bmw-leasing\/wp-json\/wp\/v2\/pages\/2821\/revisions"}],"predecessor-version":[{"id":2822,"href":"https:\/\/www.langzeitmiete-leasing.de\/bmw-leasing\/wp-json\/wp\/v2\/pages\/2821\/revisions\/2822"}],"wp:attachment":[{"href":"https:\/\/www.langzeitmiete-leasing.de\/bmw-leasing\/wp-json\/wp\/v2\/media?parent=2821"}],"curies":[{"name":"wp","href":"https:\/\/api.w.org\/{rel}","templated":true}]}}